{"id":127,"date":"2023-06-20T16:16:32","date_gmt":"2023-06-20T14:16:32","guid":{"rendered":"https:\/\/ludovic-charpentier-music.com\/?page_id=127"},"modified":"2025-02-19T11:49:40","modified_gmt":"2025-02-19T10:49:40","slug":"projets-originaux","status":"publish","type":"page","link":"https:\/\/ludovic-charpentier-music.com\/?page_id=127","title":{"rendered":"Projets Originaux"},"content":{"rendered":"\n<p>Voici quelques projets sur lesquels j&#8217;ai pu travailler.<\/p>\n\n\n\n<p><\/p>\n\n\n\n<p>Collaboration sur ce cours m\u00e9trage de Filmuzzle (Film Muet)<\/p>\n\n\n\n<figure class=\"wp-block-embed is-type-video is-provider-youtube wp-block-embed-youtube wp-embed-aspect-16-9 wp-has-aspect-ratio\"><div class=\"wp-block-embed__wrapper\">\n<iframe loading=\"lazy\" title=\"a Misleading thrift store (short silent film)\" width=\"500\" height=\"281\" src=\"https:\/\/www.youtube.com\/embed\/33ZoXXmxNow?feature=oembed\" frameborder=\"0\" allow=\"accelerometer; autoplay; clipboard-write; encrypted-media; gyroscope; picture-in-picture; web-share\" referrerpolicy=\"strict-origin-when-cross-origin\" allowfullscreen><\/iframe>\n<\/div><\/figure>\n\n\n\n<hr class=\"wp-block-separator has-alpha-channel-opacity\"\/>\n\n\n\n<p>Musique pour ce Ha\u00efku de Etienne Husson.<\/p>\n\n\n\n<figure class=\"wp-block-embed is-type-video is-provider-vimeo wp-block-embed-vimeo wp-embed-aspect-16-9 wp-has-aspect-ratio\"><div class=\"wp-block-embed__wrapper\">\n<iframe loading=\"lazy\" title=\"Parfum d\u2019e\u0301te\u0301 - Etienne Husson\" src=\"https:\/\/player.vimeo.com\/video\/1022984818?dnt=1&amp;app_id=122963\" width=\"500\" height=\"281\" frameborder=\"0\" allow=\"autoplay; fullscreen; picture-in-picture; clipboard-write; encrypted-media\"><\/iframe>\n<\/div><\/figure>\n\n\n\n<hr class=\"wp-block-separator has-alpha-channel-opacity\"\/>\n\n\n\n<p>Musique originale pour ce cours m\u00e9trage de R\u00e9mi Valentin.<\/p>\n\n\n\n<figure class=\"wp-block-embed is-type-video is-provider-youtube wp-block-embed-youtube wp-embed-aspect-16-9 wp-has-aspect-ratio\"><div class=\"wp-block-embed__wrapper\">\n<iframe loading=\"lazy\" title=\"R\u00e9silience\" width=\"500\" height=\"281\" src=\"https:\/\/www.youtube.com\/embed\/CB7iWwo71hk?feature=oembed\" frameborder=\"0\" allow=\"accelerometer; autoplay; clipboard-write; encrypted-media; gyroscope; picture-in-picture; web-share\" referrerpolicy=\"strict-origin-when-cross-origin\" allowfullscreen><\/iframe>\n<\/div><figcaption class=\"wp-element-caption\">R\u00e9siliance (R\u00e9mi Valentin)<\/figcaption><\/figure>\n\n\n\n<hr class=\"wp-block-separator has-alpha-channel-opacity\"\/>\n\n\n\n<p>Musique originale pour ce cours m\u00e9trage de St\u00e9phane Bouche.<\/p>\n\n\n\n<figure class=\"wp-block-embed is-type-video is-provider-youtube wp-block-embed-youtube wp-embed-aspect-16-9 wp-has-aspect-ratio\"><div class=\"wp-block-embed__wrapper\">\n<iframe loading=\"lazy\" title=\"Elodie\" width=\"500\" height=\"281\" src=\"https:\/\/www.youtube.com\/embed\/JlqMApjCy8E?feature=oembed\" frameborder=\"0\" allow=\"accelerometer; autoplay; clipboard-write; encrypted-media; gyroscope; picture-in-picture; web-share\" referrerpolicy=\"strict-origin-when-cross-origin\" allowfullscreen><\/iframe>\n<\/div><\/figure>\n\n\n\n<hr class=\"wp-block-separator has-alpha-channel-opacity\"\/>\n\n\n\n<p>Petit clip pour une vid\u00e9o de The CueTube.<\/p>\n\n\n\n<figure class=\"wp-block-embed is-type-video is-provider-youtube wp-block-embed-youtube wp-embed-aspect-16-9 wp-has-aspect-ratio\"><div class=\"wp-block-embed__wrapper\">\n<iframe loading=\"lazy\" title=\"Cinema\" width=\"500\" height=\"281\" src=\"https:\/\/www.youtube.com\/embed\/0qSYmQ0zc0o?feature=oembed\" frameborder=\"0\" allow=\"accelerometer; autoplay; clipboard-write; encrypted-media; gyroscope; picture-in-picture; web-share\" referrerpolicy=\"strict-origin-when-cross-origin\" allowfullscreen><\/iframe>\n<\/div><figcaption class=\"wp-element-caption\">Cinema (The CueTube)<\/figcaption><\/figure>\n\n\n\n<p><\/p>\n\n\n\n<hr class=\"wp-block-separator has-alpha-channel-opacity\"\/>\n\n\n\n<p>Concours (Finalist in Ryan Leach Composing Competition July 2023). Le sujet \u00e9tait d&#8217;illustrer l&#8217;image suivante. <\/p>\n\n\n\n<p class=\"has-tiny-font-size\"><em>Art by David Frasheski.<br>Music by Ludovic Charpentier<\/em>.<\/p>\n\n\n\n<figure class=\"wp-block-embed is-type-video is-provider-youtube wp-block-embed-youtube wp-embed-aspect-16-9 wp-has-aspect-ratio\"><div class=\"wp-block-embed__wrapper\">\n<iframe loading=\"lazy\" title=\"Terra Canyon scoring by Ludovic Charpentier\" width=\"500\" height=\"281\" src=\"https:\/\/www.youtube.com\/embed\/4YgR1OGgeqA?feature=oembed\" frameborder=\"0\" allow=\"accelerometer; autoplay; clipboard-write; encrypted-media; gyroscope; picture-in-picture; web-share\" referrerpolicy=\"strict-origin-when-cross-origin\" allowfullscreen><\/iframe>\n<\/div><figcaption class=\"wp-element-caption\">Tera Canyon<\/figcaption><\/figure>\n\n\n\n<hr class=\"wp-block-separator has-alpha-channel-opacity\"\/>\n\n\n\n<p>Trail of light (vid\u00e9o pour le concours BIFSC 2024)<\/p>\n\n\n\n<figure class=\"wp-block-embed is-type-video is-provider-youtube wp-block-embed-youtube wp-embed-aspect-16-9 wp-has-aspect-ratio\"><div class=\"wp-block-embed__wrapper\">\n<iframe loading=\"lazy\" title=\"Trail of light (BIFSC2024)\" width=\"500\" height=\"281\" src=\"https:\/\/www.youtube.com\/embed\/oA7QxhxKfhE?feature=oembed\" frameborder=\"0\" allow=\"accelerometer; autoplay; clipboard-write; encrypted-media; gyroscope; picture-in-picture; web-share\" referrerpolicy=\"strict-origin-when-cross-origin\" allowfullscreen><\/iframe>\n<\/div><\/figure>\n","protected":false},"excerpt":{"rendered":"<p>Voici quelques projets sur lesquels j&#8217;ai pu travailler. Collaboration sur ce cours m\u00e9trage de Filmuzzle (Film Muet) Musique pour ce Ha\u00efku de Etienne Husson. Musique originale pour ce cours m\u00e9trage de R\u00e9mi Valentin. Musique originale pour ce cours m\u00e9trage de St\u00e9phane Bouche. Petit clip pour une vid\u00e9o de The CueTube. Concours (Finalist in Ryan Leach [&hellip;]<\/p>\n","protected":false},"author":1,"featured_media":0,"parent":56,"menu_order":3,"comment_status":"closed","ping_status":"closed","template":"","meta":{"footnotes":""},"class_list":["post-127","page","type-page","status-publish","hentry"],"_links":{"self":[{"href":"https:\/\/ludovic-charpentier-music.com\/index.php?rest_route=\/wp\/v2\/pages\/127","targetHints":{"allow":["GET"]}}],"collection":[{"href":"https:\/\/ludovic-charpentier-music.com\/index.php?rest_route=\/wp\/v2\/pages"}],"about":[{"href":"https:\/\/ludovic-charpentier-music.com\/index.php?rest_route=\/wp\/v2\/types\/page"}],"author":[{"embeddable":true,"href":"https:\/\/ludovic-charpentier-music.com\/index.php?rest_route=\/wp\/v2\/users\/1"}],"replies":[{"embeddable":true,"href":"https:\/\/ludovic-charpentier-music.com\/index.php?rest_route=%2Fwp%2Fv2%2Fcomments&post=127"}],"version-history":[{"count":14,"href":"https:\/\/ludovic-charpentier-music.com\/index.php?rest_route=\/wp\/v2\/pages\/127\/revisions"}],"predecessor-version":[{"id":205,"href":"https:\/\/ludovic-charpentier-music.com\/index.php?rest_route=\/wp\/v2\/pages\/127\/revisions\/205"}],"up":[{"embeddable":true,"href":"https:\/\/ludovic-charpentier-music.com\/index.php?rest_route=\/wp\/v2\/pages\/56"}],"wp:attachment":[{"href":"https:\/\/ludovic-charpentier-music.com\/index.php?rest_route=%2Fwp%2Fv2%2Fmedia&parent=127"}],"curies":[{"name":"wp","href":"https:\/\/api.w.org\/{rel}","templated":true}]}}