{"id":70,"date":"2023-06-17T11:27:56","date_gmt":"2023-06-17T09:27:56","guid":{"rendered":"https:\/\/ludovic-charpentier-music.com\/?page_id=70"},"modified":"2023-06-24T09:55:41","modified_gmt":"2023-06-24T07:55:41","slug":"petite-histoire","status":"publish","type":"page","link":"https:\/\/ludovic-charpentier-music.com\/?page_id=70","title":{"rendered":"Petite histoire"},"content":{"rendered":"\n<h2 class=\"wp-block-heading\">Mon parcours<\/h2>\n\n\n\n<p>Mon amour pour la musique a s\u00fbrement commenc\u00e9 beaucoup plus t\u00f4t mais je me plais \u00e0 dire qu&#8217;elle d\u00e9buta le jour o\u00f9 mon papa sortit sa guitare pour nous jouer quelques chansons de No\u00ebl. J&#8217;imagine ces \u00e9toiles dans mes yeux, avec ce petit bonhomme dans ma t\u00eate me disant : toi aussi, tu pourras jouer comme \u00e7a!<\/p>\n\n\n\n<p>Elle s&#8217;amplifia ensuite quand suite \u00e0 des s\u00e9ances au cin\u00e9ma, on m&#8217;offrit plusieurs cassettes de bandes originales. Elles m&#8217;accompagnaient dans mes jeux et mes devoirs d&#8217;\u00e9cole.<\/p>\n\n\n\n<p>Ma passion pour la guitare pris ensuite son envol et c&#8217;est ainsi qu&#8217;une bande d&#8217;adolescents du m\u00eame quartier finirent par cr\u00e9er un bon vieux groupe de rock. Je me chargeais des enregistrements, d&#8217;abord avec un double radio cassette et son micro &#8220;haute fid\u00e9lit\u00e9&#8221;, puis mon premier Cubase.<\/p>\n\n\n\n<p>Je d\u00e9couvrais aussi John Williams, James Horner, Danny Elfman, Thomas Newman, Hans Zimmer, Alexandre Desplat et tant d&#8217;autres. L&#8217;id\u00e9e de pouvoir mettre de la musique sur un film me semblait inatteignable.<\/p>\n\n\n\n<p>Quelques ann\u00e9es ont pass\u00e9 et les technologies ont \u00e9volu\u00e9. Je me suis perfectionn\u00e9 dans l&#8217;enregistrement et le mixage de groupes. J&#8217;ai suivi ma voix dans la musique, \u00e0 composer et exp\u00e9rimenter, toujours autour de la pop et du rock. <\/p>\n\n\n\n<p>Et puis, un d\u00e9clic! Pourquoi ne pas composer des musiques pour des films!<\/p>\n\n\n\n<p>Il n&#8217;y a rien de plus extraordinaire que de partir d&#8217;une id\u00e9e, d&#8217;une \u00e9motion pour la mettre en musique.<\/p>\n\n\n\n<p>Me voil\u00e0 embarqu\u00e9 dans cette belle aventure depuis presque 2 ans.<\/p>\n\n\n\n<p>J&#8217;esp\u00e8re y trouver ma voie et apporter ma pierre \u00e0 ce magnifique \u00e9difice.<\/p>\n","protected":false},"excerpt":{"rendered":"<p>Mon parcours Mon amour pour la musique a s\u00fbrement commenc\u00e9 beaucoup plus t\u00f4t mais je me plais \u00e0 dire qu&#8217;elle d\u00e9buta le jour o\u00f9 mon papa sortit sa guitare pour nous jouer quelques chansons de No\u00ebl. J&#8217;imagine ces \u00e9toiles dans mes yeux, avec ce petit bonhomme dans ma t\u00eate me disant : toi aussi, tu [&hellip;]<\/p>\n","protected":false},"author":1,"featured_media":0,"parent":56,"menu_order":1,"comment_status":"closed","ping_status":"closed","template":"","meta":{"footnotes":""},"class_list":["post-70","page","type-page","status-publish","hentry"],"_links":{"self":[{"href":"https:\/\/ludovic-charpentier-music.com\/index.php?rest_route=\/wp\/v2\/pages\/70","targetHints":{"allow":["GET"]}}],"collection":[{"href":"https:\/\/ludovic-charpentier-music.com\/index.php?rest_route=\/wp\/v2\/pages"}],"about":[{"href":"https:\/\/ludovic-charpentier-music.com\/index.php?rest_route=\/wp\/v2\/types\/page"}],"author":[{"embeddable":true,"href":"https:\/\/ludovic-charpentier-music.com\/index.php?rest_route=\/wp\/v2\/users\/1"}],"replies":[{"embeddable":true,"href":"https:\/\/ludovic-charpentier-music.com\/index.php?rest_route=%2Fwp%2Fv2%2Fcomments&post=70"}],"version-history":[{"count":4,"href":"https:\/\/ludovic-charpentier-music.com\/index.php?rest_route=\/wp\/v2\/pages\/70\/revisions"}],"predecessor-version":[{"id":148,"href":"https:\/\/ludovic-charpentier-music.com\/index.php?rest_route=\/wp\/v2\/pages\/70\/revisions\/148"}],"up":[{"embeddable":true,"href":"https:\/\/ludovic-charpentier-music.com\/index.php?rest_route=\/wp\/v2\/pages\/56"}],"wp:attachment":[{"href":"https:\/\/ludovic-charpentier-music.com\/index.php?rest_route=%2Fwp%2Fv2%2Fmedia&parent=70"}],"curies":[{"name":"wp","href":"https:\/\/api.w.org\/{rel}","templated":true}]}}